{"id":5238,"date":"2023-12-05T18:56:41","date_gmt":"2023-12-05T17:56:41","guid":{"rendered":"https:\/\/www.4cwatches.fr\/?post_type=product&#038;p=5238"},"modified":"2024-12-09T08:38:04","modified_gmt":"2024-12-09T07:38:04","slug":"bracelet-dit-marine-nationale-100-dorigine-militaire-liseret-rouge","status":"publish","type":"product","link":"https:\/\/www.4cwatches.fr\/index.php\/produit\/bracelet-dit-marine-nationale-100-dorigine-militaire-liseret-rouge\/","title":{"rendered":"Bracelet dit Marine Nationale 100% d&rsquo;origine militaire liseret rouge"},"content":{"rendered":"<p>Bracelet militaire Marine Nationale, tel que port\u00e9 par les nageurs de combat de l\u2019arm\u00e9e fran\u00e7aise.<\/p>\n<p>Fabriqu\u00e9s \u00e0 partir de sangle de rappel de parachutes vintage et d&rsquo;accastillage provenant \u00e9galement de sacs de parachutes. 100% d&rsquo;origine militaire y compris le fil de couture! Fabriqu\u00e9 \u00e0 la main, en France et \u00e0 partir de pi\u00e8ces provenant de l&rsquo;arm\u00e9e fran\u00e7aise uniquement, pas une copie!<\/p>\n<p>Largeur proche de 22mm, convient pour des entre-cornes de 19 \u00e0 22mm. Longueur environ 25cm pour le brin le plus long. Le montage est possible sur tout type de montres, militaires comme civiles , \u00e0 barrettes fixes ou amovibles!<\/p>\n<p>&nbsp;<\/p>\n","protected":false},"excerpt":{"rendered":"<p>Bracelet militaire Marine Nationale liseret rouge<\/p>\n","protected":false},"featured_media":5239,"comment_status":"open","ping_status":"closed","template":"","meta":[],"product_brand":[],"product_cat":[21],"product_tag":[28],"class_list":{"0":"post-5238","1":"product","2":"type-product","3":"status-publish","4":"has-post-thumbnail","6":"product_cat-bracelets","7":"product_tag-bracelet-mn","9":"first","10":"instock","11":"featured","12":"shipping-taxable","13":"purchasable","14":"product-type-simple"},"jetpack_sharing_enabled":true,"_links":{"self":[{"href":"https:\/\/www.4cwatches.fr\/index.php\/wp-json\/wp\/v2\/product\/5238","targetHints":{"allow":["GET"]}}],"collection":[{"href":"https:\/\/www.4cwatches.fr\/index.php\/wp-json\/wp\/v2\/product"}],"about":[{"href":"https:\/\/www.4cwatches.fr\/index.php\/wp-json\/wp\/v2\/types\/product"}],"replies":[{"embeddable":true,"href":"https:\/\/www.4cwatches.fr\/index.php\/wp-json\/wp\/v2\/comments?post=5238"}],"wp:featuredmedia":[{"embeddable":true,"href":"https:\/\/www.4cwatches.fr\/index.php\/wp-json\/wp\/v2\/media\/5239"}],"wp:attachment":[{"href":"https:\/\/www.4cwatches.fr\/index.php\/wp-json\/wp\/v2\/media?parent=5238"}],"wp:term":[{"taxonomy":"product_brand","embeddable":true,"href":"https:\/\/www.4cwatches.fr\/index.php\/wp-json\/wp\/v2\/product_brand?post=5238"},{"taxonomy":"product_cat","embeddable":true,"href":"https:\/\/www.4cwatches.fr\/index.php\/wp-json\/wp\/v2\/product_cat?post=5238"},{"taxonomy":"product_tag","embeddable":true,"href":"https:\/\/www.4cwatches.fr\/index.php\/wp-json\/wp\/v2\/product_tag?post=5238"}],"curies":[{"name":"wp","href":"https:\/\/api.w.org\/{rel}","templated":true}]}}