{"id":5018,"date":"2020-06-03T21:12:53","date_gmt":"2020-06-03T19:12:53","guid":{"rendered":"https:\/\/www.4cwatches.fr\/?post_type=product&#038;p=5018"},"modified":"2024-12-09T08:42:02","modified_gmt":"2024-12-09T07:42:02","slug":"bracelet-marine-nationale-version-unie","status":"publish","type":"product","link":"https:\/\/www.4cwatches.fr\/index.php\/produit\/bracelet-marine-nationale-version-unie\/","title":{"rendered":"Bracelet Marine Nationale Version unie : exclusivit\u00e9 et quantit\u00e9 limit\u00e9e"},"content":{"rendered":"<p>Exclusivit\u00e9 4C Watches!<\/p>\n<p>Bracelet militaire Marine Nationale, tel que port\u00e9 par les nageurs de combat de l\u2019arm\u00e9e fran\u00e7aise. Fabriqu\u00e9s \u00e0 partir d&rsquo;une sangle de rappel de parachutes vintage neuve et d\u2019accastillage provenant de sacs de parachutes.<\/p>\n<p>Fabriqu\u00e9 \u00e0 la main, en France et \u00e0 partir de pi\u00e8ces provenant de l\u2019arm\u00e9e fran\u00e7aise, pas une copie! Possible de proposer une boucle neuve grav\u00e9e, n&rsquo;h\u00e9sitez pas \u00e0 le demander lors de votre commande.<\/p>\n<p>Largeur proche de 22mm, convient pour des entre-cornes de 19 \u00e0 22mm. Longueur environ 25cm pour le brin le plus long. Le montage est possible sur tout type de montres, militaires comme civiles , \u00e0 barrettes fixes ou amovibles!<\/p>\n","protected":false},"excerpt":{"rendered":"<p>Exclusivit\u00e9 4C Watches! Bracelet militaire Marine Nationale, tel que port\u00e9 par les nageurs de combat de l\u2019arm\u00e9e fran\u00e7aise. Fabriqu\u00e9s \u00e0 partir d&rsquo;une sangle de rappel de parachutes vintage neuve et d\u2019accastillage provenant de sacs de parachutes. Fabriqu\u00e9 \u00e0 la main, en France et \u00e0 partir de pi\u00e8ces provenant de l\u2019arm\u00e9e fran\u00e7aise, pas une copie! Possible [&hellip;]<\/p>\n","protected":false},"featured_media":5007,"comment_status":"open","ping_status":"closed","template":"","meta":[],"product_brand":[],"product_cat":[21],"product_tag":[28],"class_list":{"0":"post-5018","1":"product","2":"type-product","3":"status-publish","4":"has-post-thumbnail","6":"product_cat-bracelets","7":"product_tag-bracelet-mn","9":"first","10":"instock","11":"featured","12":"shipping-taxable","13":"purchasable","14":"product-type-simple"},"jetpack_sharing_enabled":true,"_links":{"self":[{"href":"https:\/\/www.4cwatches.fr\/index.php\/wp-json\/wp\/v2\/product\/5018","targetHints":{"allow":["GET"]}}],"collection":[{"href":"https:\/\/www.4cwatches.fr\/index.php\/wp-json\/wp\/v2\/product"}],"about":[{"href":"https:\/\/www.4cwatches.fr\/index.php\/wp-json\/wp\/v2\/types\/product"}],"replies":[{"embeddable":true,"href":"https:\/\/www.4cwatches.fr\/index.php\/wp-json\/wp\/v2\/comments?post=5018"}],"wp:featuredmedia":[{"embeddable":true,"href":"https:\/\/www.4cwatches.fr\/index.php\/wp-json\/wp\/v2\/media\/5007"}],"wp:attachment":[{"href":"https:\/\/www.4cwatches.fr\/index.php\/wp-json\/wp\/v2\/media?parent=5018"}],"wp:term":[{"taxonomy":"product_brand","embeddable":true,"href":"https:\/\/www.4cwatches.fr\/index.php\/wp-json\/wp\/v2\/product_brand?post=5018"},{"taxonomy":"product_cat","embeddable":true,"href":"https:\/\/www.4cwatches.fr\/index.php\/wp-json\/wp\/v2\/product_cat?post=5018"},{"taxonomy":"product_tag","embeddable":true,"href":"https:\/\/www.4cwatches.fr\/index.php\/wp-json\/wp\/v2\/product_tag?post=5018"}],"curies":[{"name":"wp","href":"https:\/\/api.w.org\/{rel}","templated":true}]}}